{"id":4,"date":"2020-12-20T00:05:12","date_gmt":"2020-12-20T05:05:12","guid":{"rendered":"http:\/\/dev.agencebta.com\/?page_id=4"},"modified":"2024-12-16T16:45:44","modified_gmt":"2024-12-16T21:45:44","slug":"bta-salon-mcee-2015","status":"publish","type":"page","link":"https:\/\/agencebta.com\/system\/","title":{"rendered":"Accueil"},"content":{"rendered":"<p>[vc_row css=\u00a0\u00bb.vc_custom_1428600609499{margin-top: 0px !important;margin-right: 0px !important;margin-bottom: 0px !important;margin-left: 0px !important;}\u00a0\u00bb][vc_column width=\u00a0\u00bb1\/3&Prime; el_class=\u00a0\u00bbcolonne\u00a0\u00bb offset=\u00a0\u00bbvc_col-xs-12&Prime;][vc_column_text]<\/p>\n<h1><strong>BTA<\/strong> agent manufacturier<\/h1>\n<p>[\/vc_column_text][\/vc_column][vc_column width=\u00a0\u00bb2\/3&Prime; el_class=\u00a0\u00bbcolonne\u00a0\u00bb offset=\u00a0\u00bbvc_col-xs-12&Prime;][vc_column_text]Agence BTA est un agent manufacturier de premier plan au Qu\u00e9bec, offrant des produits de distribution et de transport d&rsquo;\u00e9nergie \u00e9lectrique provenant de fabricants reconnus dans notre industrie.<\/p>\n<p>Depuis sa fondation en 1996, Agence B\u00e9liveau-Turmel &amp; associ\u00e9s se distingue par son service \u00e0 la client\u00e8le de qualit\u00e9 sup\u00e9rieure ainsi que par son\u00a0assistance technique sans reproches.<\/p>\n<p>L&rsquo;ensemble des manufacturiers que nous repr\u00e9sentons nous permet de vous proposer des solutions compl\u00e8tes et int\u00e9gr\u00e9es dans le cadre de vos projets.<\/p>\n<p>Que ce soit pour des march\u00e9s de type industriel, commercial ou utilitaire.<\/p>\n<p><a class=\"button plus\" title=\"\u00c0 propos\" href=\"http:\/\/agencebta.com\/a-propos\/\">+<\/a>[\/vc_column_text][\/vc_column][\/vc_row][vc_row css=\u00a0\u00bb.vc_custom_1428600619297{margin-top: 0px !important;margin-right: 0px !important;margin-bottom: 0px !important;margin-left: 0px !important;}\u00a0\u00bb][vc_column width=\u00a0\u00bb2\/3&Prime; el_class=\u00a0\u00bbcolonne nouvelles\u00a0\u00bb][vc_column_text]<\/p>\n<h2>Nouvelles<\/h2>\n<p>[\/vc_column_text][vc_posts_grid loop=\u00a0\u00bbsize:3|order_by:date|order:DESC|post_type:post\u00a0\u00bb grid_columns_count=\u00a0\u00bb1&Prime; grid_layout=\u00a0\u00bbtitle|link_post,text|excerpt,link\u00a0\u00bb el_class=\u00a0\u00bbarticle\u00a0\u00bb][\/vc_column][vc_column width=\u00a0\u00bb1\/3&Prime; el_class=\u00a0\u00bbcolonne\u00a0\u00bb][vc_column_text]<\/p>\n<h2>Notre service<\/h2>\n<p>Nos conseillers techniques couvrent\u00a0l&rsquo;ensemble de la province de Qu\u00e9bec.<\/p>\n<p>Vous b\u00e9n\u00e9ficierez de notre exp\u00e9rience et de celle de nos partenaires manufacturiers \u00e0 travers notre service d\u2019assistance technique. Nous sommes en mesure de vous aider \u00e0 s\u00e9lectionner les bons \u00e9quipements pour vos applications. De plus, nous veillons \u00e0 maintenir une relation de support apr\u00e8s vente hors pair, afin de r\u00e9pondre ad\u00e9quatement \u00e0 vos besoins.[\/vc_column_text][\/vc_column][\/vc_row][vc_row css=\u00a0\u00bb.vc_custom_1428603683451{margin-top: 0px !important;margin-right: 0px !important;margin-bottom: 0px !important;margin-left: 0px !important;}\u00a0\u00bb el_class=\u00a0\u00bbconseillers\u00a0\u00bb][vc_column el_class=\u00a0\u00bbcolonne\u00a0\u00bb][vc_column_text]<\/p>\n<h2>Conseillers techniques<\/h2>\n<p>[\/vc_column_text][vc_column_text]Pour du support technique ou de l&rsquo;information sur nos produits contactez le conseiller de votre r\u00e9gion[\/vc_column_text][vc_row_inner][vc_column_inner el_class=\u00a0\u00bbconseiller\u00a0\u00bb width=\u00a0\u00bb1\/4&Prime;][vc_column_text]<\/p>\n<h3>Jean-Fran\u00e7ois Despr\u00e9s<\/h3>\n<p>Conseiller technique &#8211; Ventes<\/p>\n<p>Estrie | Centre-du-Qu\u00e9bec | Mauricie<\/p>\n<p><button class=\"button plus toggle-content\">+<\/button><\/p>\n<div class=\"infos-plus\">\n<p>Jean-Fran\u00e7ois Despr\u00e9s a joint l&rsquo;\u00e9quipe en tant qu&rsquo;associ\u00e9 en janvier 2013. Son mandat est de soutenir et d\u00e9velopper le march\u00e9 des r\u00e9gions de l&rsquo;Estrie, des Cantons-de-l&rsquo;Est, du Centre-du-Qu\u00e9bec et de la Mauricie. Il apporte aussi un appui technico-commercial pour les projets majeurs de l&rsquo;agence.<\/p>\n<p>Depuis plus de 25 ans, il fait carri\u00e8re dans le domaine de l\u2019\u00e9nergie \u00e9lectrique. Il a fait ses classes en ing\u00e9nierie de sous-station, chez un ing\u00e9nieur conseil et chez Hydro-Qu\u00e9bec. Il a eu la chance de faire la gestion de r\u00e9seaux de distribution \u00e9lectrique municipaux pendant une dizaine d\u2019ann\u00e9es et a travaill\u00e9 comme repr\u00e9sentant technique chez un manufacturier majeur du domaine \u00e9lectrique.<\/p>\n<\/div>\n<p>[\/vc_column_text][\/vc_column_inner][vc_column_inner el_class=\u00a0\u00bbconseiller\u00a0\u00bb width=\u00a0\u00bb1\/4&Prime;][vc_column_text]<\/p>\n<h3>Serge Maheu<\/h3>\n<p>Conseiller technique &#8211; Ventes<\/p>\n<p>Qu\u00e9bec | Saguenay\u2013Lac-Saint-Jean | C\u00f4te-Nord | Gasp\u00e9sie<\/p>\n<p><button class=\"button plus toggle-content\">+<\/button><\/p>\n<div class=\"infos-plus\">\n<p>Serge Maheu a joint l&rsquo;agence BTA en janvier 2015.\u00a0Il a d\u00e9but\u00e9 chez Westinghouse Canada en 1989 \u00e0 l\u2019usine de St-Jean-sur-Richelieu.\u00a0Lorsque Eaton a achet\u00e9 Westinghouse en 1994, Serge\u00a0a \u00e9t\u00e9 mis\u00a0en charge de la garantie et par la suite\u00a0il a fait une transition\u00a0aux ventes des produits industriels. Apr\u00e8s avoir \u00e9t\u00e9 directeur aux soumissions et du service \u00e0 la client\u00e8le pour le Qu\u00e9bec, il a \u00e9t\u00e9 en charge des\u00a0projets majeurs pour le Qu\u00e9bec et les maritimes pour un manufacturier d&rsquo;envergure.<\/p>\n<p>Serge Maheu est responsable des r\u00e9gions de Qu\u00e9bec, du Saguenay &#8211; Lac-Saint-Jean, de la C\u00f4te-Nord, du Bas-Saint-Laurent et de la Gasp\u00e9sie.<\/p>\n<\/div>\n<p>[\/vc_column_text][\/vc_column_inner][vc_column_inner el_class=\u00a0\u00bbconseiller\u00a0\u00bb width=\u00a0\u00bb1\/4&Prime;][vc_column_text]<\/p>\n<h3>\u00c9ric Turmel<\/h3>\n<p>Conseiller technique &#8211; Ventes<\/p>\n<p>Sud de Montr\u00e9al | Abitibi<\/p>\n<p><button class=\"button plus toggle-content\">+<\/button><\/p>\n<div class=\"infos-plus\">\n<p>Eric Turmel a joint l&rsquo;\u00e9quipe en janvier 2006. Il a d\u00e9j\u00e0 un peu plus d&rsquo;une vingtaine d&rsquo;ann\u00e9es d&rsquo;exp\u00e9rience cumul\u00e9es chez des manufacturiers majeurs en transformation d&rsquo;\u00e9nergie ainsi qu&rsquo;en distribution et contr\u00f4le d&rsquo;\u00e9nergie.<\/p>\n<p>Il a comme mandat de d\u00e9velopper le march\u00e9 de la rive sud de Montr\u00e9al et de l\u2019Abitibi pour les lignes de produits que l&rsquo;agence repr\u00e9sente.<\/p>\n<\/div>\n<p>[\/vc_column_text][\/vc_column_inner][vc_column_inner el_class=\u00a0\u00bbconseiller\u00a0\u00bb width=\u00a0\u00bb1\/4&Prime;][vc_column_text]<\/p>\n<h3>\u00c9ric Mass\u00e9<\/h3>\n<p>Conseiller technique &#8211; Ventes<\/p>\n<p>Montr\u00e9al | Laval | Laurentides | Outaouais | Lanaudi\u00e8re | Rive-Nord |<\/p>\n<p><button class=\"button plus toggle-content\">+<\/button><\/p>\n<div class=\"infos-plus\">\n<p>\u00c9ric a travaill\u00e9 dans l\u2019industrie manufacturi\u00e8re durant les vingt premi\u00e8res ann\u00e9es de sa carri\u00e8re \u00e0 titre de Directeur Qualit\u00e9, d\u2019ing\u00e9nieur d\u2019usine et de charg\u00e9 de projets. \u00a0Il a pass\u00e9 une grande partie de sa carri\u00e8re d\u2019ing\u00e9nieur industriel chez Power Battery Lt\u00e9e et a aussi \u00e9t\u00e9 impliqu\u00e9 dans le projet de r\u00e9am\u00e9nagement d\u2019usine chez Schneider Electric Canada \u00e0 Brossard.<\/p>\n<p>\u00c9ric s\u2019est r\u00e9orient\u00e9 dans le domaine de la vente technique \u00e0 titre de G\u00e9rant de Territoire \u00a0(ventes et support) pour le Groupe StonCor \/ division Fibergrate, une entreprise manufacturi\u00e8re \u0153uvrant dans le domaine de la construction.<\/p>\n<p>Cette exp\u00e9rience en vente et en repr\u00e9sentation technique aupr\u00e8s des utilisateurs et des firmes d\u2019ing\u00e9nieurs sont des atouts dans le cadre de son r\u00f4le avec l\u2019agence<\/p>\n<\/div>\n<p>[\/vc_column_text][\/vc_column_inner][\/vc_row_inner][\/vc_column][\/vc_row]<\/p>\n","protected":false},"excerpt":{"rendered":"<p>[vc_row css=\u00a0\u00bb.vc_custom_1428600609499{margin-top: 0px !important;margin-right: 0px !important;margin-bottom: 0px !important;margin-left: 0px !important;}\u00a0\u00bb][vc_column width=\u00a0\u00bb1\/3&Prime; el_class=\u00a0\u00bbcolonne\u00a0\u00bb offset=\u00a0\u00bbvc_col-xs-12&Prime;][vc_column_text] BTA agent manufacturier [\/vc_column_text][\/vc_column][vc_column width=\u00a0\u00bb2\/3&Prime; el_class=\u00a0\u00bbcolonne\u00a0\u00bb offset=\u00a0\u00bbvc_col-xs-12&Prime;][vc_column_text]Agence BTA est un agent manufacturier de premier plan au Qu\u00e9bec, offrant des produits de distribution et de transport d&rsquo;\u00e9nergie \u00e9lectrique provenant de fabricants reconnus dans notre industrie. Depuis sa fondation en 1996, Agence B\u00e9liveau-Turmel &amp; [&hellip;]<\/p>\n","protected":false},"author":1,"featured_media":0,"parent":0,"menu_order":0,"comment_status":"closed","ping_status":"closed","template":"","meta":{"_acf_changed":false,"footnotes":""},"acf":[],"_links":{"self":[{"href":"https:\/\/agencebta.com\/system\/wp-json\/wp\/v2\/pages\/4"}],"collection":[{"href":"https:\/\/agencebta.com\/system\/wp-json\/wp\/v2\/pages"}],"about":[{"href":"https:\/\/agencebta.com\/system\/wp-json\/wp\/v2\/types\/page"}],"author":[{"embeddable":true,"href":"https:\/\/agencebta.com\/system\/wp-json\/wp\/v2\/users\/1"}],"replies":[{"embeddable":true,"href":"https:\/\/agencebta.com\/system\/wp-json\/wp\/v2\/comments?post=4"}],"version-history":[{"count":103,"href":"https:\/\/agencebta.com\/system\/wp-json\/wp\/v2\/pages\/4\/revisions"}],"predecessor-version":[{"id":664,"href":"https:\/\/agencebta.com\/system\/wp-json\/wp\/v2\/pages\/4\/revisions\/664"}],"wp:attachment":[{"href":"https:\/\/agencebta.com\/system\/wp-json\/wp\/v2\/media?parent=4"}],"curies":[{"name":"wp","href":"https:\/\/api.w.org\/{rel}","templated":true}]}}